{"id":70,"date":"2015-09-06T17:52:52","date_gmt":"2015-09-06T14:52:52","guid":{"rendered":"http:\/\/goalieclinic.fi\/?page_id=70"},"modified":"2025-09-18T14:05:34","modified_gmt":"2025-09-18T11:05:34","slug":"etusivu","status":"publish","type":"page","link":"http:\/\/goalieclinic.fi\/","title":{"rendered":"Salibandyn maalivahtivalmennusta"},"content":{"rendered":"<p>Goalie Clinic on kokemusta salibandyn maalivahtipelaamisesta 30 vuoden ajalta. Min\u00e4, Ville Jokinen, p\u00e4\u00e4toimiselta ammatiltani salibandyn maalivahtivalmentaja, olen pelannut salibandy\u00e4 maalivahtina p\u00e4\u00e4sarjatasoilla yhteens\u00e4 14 kautta. Olen edustanut seuroja Espoon Oilers, Tapanilan Er\u00e4, Westend Indians ja PSS. Valmennusta olen harjoittanut pelaamisen ohessa l\u00e4hes koko peliurani ajan. P\u00e4\u00e4toimisesti valmennan Espoossa sek\u00e4 Oilersissa ett\u00e4 Indiansissa vanhempia juniori-ik\u00e4luokkia. Indiansissa takana on my\u00f6s 10 kautta miesten liigajoukkueen mukana. Toimin my\u00f6s Salibandyliitossa maalivahtivalmennuskouluttajana. Edell\u00e4 mainittujen lis\u00e4ksi olen yhten\u00e4 perustajaj\u00e4senen\u00e4 maalivahtipelin kehitt\u00e4mist\u00e4 eteenp\u00e4in viev\u00e4ss\u00e4 Next Level Goaltendingissa.<\/p>\n<p>Maalivahdin pelipaikka on hyvin erityinen verrattuna kentt\u00e4pelaajiin. Maalivahti on yksil\u00f6urheilija joukkuelajissa. Maalivahdin korkeatasoinen tekninen osaaminen vaatii valmentajalta ymm\u00e4rryst\u00e4 lajin ja pelin lainalaisuuksista. Maalivahdin kehittyminen edellytt\u00e4\u00e4 suunnitelmallisuutta niin fyysisess\u00e4, psyykkisess\u00e4 kuin lajiharjoittelussakin. Maalivahtivalmennuksessa keskeist\u00e4 on toimia systemaattisesti siten, ett\u00e4 valmentaminen ja maalivahdin oppiminen ja kehittyminen etenev\u00e4t johdonmukaisesti.<\/p>\n<p>Yhteisty\u00f6 muiden suomalaisten huippuvalmentajien kanssa sek\u00e4 oma kokemukseni eri-ik\u00e4isten ja -tasoisten maalivahtien kanssa ty\u00f6skentelyst\u00e4 auttaa suunnittelemaan valmennuksen sis\u00e4ll\u00f6n kullekin yksil\u00f6lle ja ik\u00e4ryhm\u00e4lle parhaalla mahdollisella tavalla.<\/p>\n","protected":false},"excerpt":{"rendered":"<p>Goalie Clinic on kokemusta salibandyn maalivahtipelaamisesta 30 vuoden ajalta. Min\u00e4, Ville Jokinen, p\u00e4\u00e4toimiselta ammatiltani salibandyn maalivahtivalmentaja, olen pelannut salibandy\u00e4 maalivahtina p\u00e4\u00e4sarjatasoilla yhteens\u00e4 14 kautta. Olen edustanut seuroja Espoon Oilers, Tapanilan Er\u00e4, Westend Indians ja PSS. Valmennusta olen harjoittanut pelaamisen ohessa &hellip; <a href=\"http:\/\/goalieclinic.fi\/\">Lue loppuun <span class=\"meta-nav\">&rarr;<\/span><\/a><\/p>\n","protected":false},"author":1,"featured_media":0,"parent":0,"menu_order":0,"comment_status":"closed","ping_status":"closed","template":"","meta":[],"_links":{"self":[{"href":"http:\/\/goalieclinic.fi\/index.php?rest_route=\/wp\/v2\/pages\/70"}],"collection":[{"href":"http:\/\/goalieclinic.fi\/index.php?rest_route=\/wp\/v2\/pages"}],"about":[{"href":"http:\/\/goalieclinic.fi\/index.php?rest_route=\/wp\/v2\/types\/page"}],"author":[{"embeddable":true,"href":"http:\/\/goalieclinic.fi\/index.php?rest_route=\/wp\/v2\/users\/1"}],"replies":[{"embeddable":true,"href":"http:\/\/goalieclinic.fi\/index.php?rest_route=%2Fwp%2Fv2%2Fcomments&post=70"}],"version-history":[{"count":13,"href":"http:\/\/goalieclinic.fi\/index.php?rest_route=\/wp\/v2\/pages\/70\/revisions"}],"predecessor-version":[{"id":227,"href":"http:\/\/goalieclinic.fi\/index.php?rest_route=\/wp\/v2\/pages\/70\/revisions\/227"}],"wp:attachment":[{"href":"http:\/\/goalieclinic.fi\/index.php?rest_route=%2Fwp%2Fv2%2Fmedia&parent=70"}],"curies":[{"name":"wp","href":"https:\/\/api.w.org\/{rel}","templated":true}]}}